{"id":268,"date":"2019-03-19T07:53:25","date_gmt":"2019-03-19T06:53:25","guid":{"rendered":"http:\/\/d.websupport.sk\/obfzsenica.sk\/?page_id=268"},"modified":"2022-02-01T14:07:31","modified_gmt":"2022-02-01T13:07:31","slug":"organy-obfz","status":"publish","type":"page","link":"https:\/\/www.obfzsenica.sk\/?page_id=268","title":{"rendered":"Org\u00e1ny ObFZ"},"content":{"rendered":"\n<h2 class=\"wp-block-heading\"><a href=\"http:\/\/obfzsenica.sk\/?page_id=886\" data-type=\"page\" data-id=\"886\">V\u00fdkonn\u00fd v\u00fdbor<\/a><\/h2>\n\n\n\n<h2 class=\"wp-block-heading\"><a href=\"http:\/\/obfzsenica.sk\/?page_id=2144\" data-type=\"page\" data-id=\"2144\"><strong>Odborn\u00e9 komisie<\/strong><\/a><\/h2>\n\n\n\n<p><\/p>\n","protected":false},"excerpt":{"rendered":"<p>V\u00fdkonn\u00fd v\u00fdbor Odborn\u00e9 komisie<\/p>\n","protected":false},"author":1,"featured_media":0,"parent":0,"menu_order":0,"comment_status":"closed","ping_status":"closed","template":"","meta":{"_monsterinsights_skip_tracking":false,"_monsterinsights_sitenote_active":false,"_monsterinsights_sitenote_note":"","_monsterinsights_sitenote_category":0,"ngg_post_thumbnail":0,"footnotes":""},"class_list":["post-268","page","type-page","status-publish","czr-hentry"],"_links":{"self":[{"href":"https:\/\/www.obfzsenica.sk\/index.php?rest_route=\/wp\/v2\/pages\/268","targetHints":{"allow":["GET"]}}],"collection":[{"href":"https:\/\/www.obfzsenica.sk\/index.php?rest_route=\/wp\/v2\/pages"}],"about":[{"href":"https:\/\/www.obfzsenica.sk\/index.php?rest_route=\/wp\/v2\/types\/page"}],"author":[{"embeddable":true,"href":"https:\/\/www.obfzsenica.sk\/index.php?rest_route=\/wp\/v2\/users\/1"}],"replies":[{"embeddable":true,"href":"https:\/\/www.obfzsenica.sk\/index.php?rest_route=%2Fwp%2Fv2%2Fcomments&post=268"}],"version-history":[{"count":6,"href":"https:\/\/www.obfzsenica.sk\/index.php?rest_route=\/wp\/v2\/pages\/268\/revisions"}],"predecessor-version":[{"id":2156,"href":"https:\/\/www.obfzsenica.sk\/index.php?rest_route=\/wp\/v2\/pages\/268\/revisions\/2156"}],"wp:attachment":[{"href":"https:\/\/www.obfzsenica.sk\/index.php?rest_route=%2Fwp%2Fv2%2Fmedia&parent=268"}],"curies":[{"name":"wp","href":"https:\/\/api.w.org\/{rel}","templated":true}]}}